{"id":1575,"date":"2019-05-25T21:22:06","date_gmt":"2019-05-25T21:22:06","guid":{"rendered":"https:\/\/www.go4green.be\/news\/"},"modified":"2019-05-25T21:22:06","modified_gmt":"2019-05-25T21:22:06","slug":"news","status":"publish","type":"page","link":"https:\/\/www.go4green.be\/nl\/news\/","title":{"rendered":"News"},"content":{"rendered":"<section class=\"l-section wpb_row us_custom_6df4bc3a subpage-header has_text_color height_large with_img\"><div class=\"l-section-img\" role=\"img\" aria-label=\"Afbeelding\" data-img-width=\"1920\" data-img-height=\"447\" style=\"background-image: url(https:\/\/www.go4green.be\/wp-content\/uploads\/2019\/05\/header-news.jpg);\"><\/div><div class=\"l-section-h i-cf\"><div class=\"g-cols vc_row via_flex valign_top type_default stacking_default\"><div class=\"vc_col-sm-12 wpb_column vc_column_container\"><div class=\"vc_column-inner\"><div class=\"wpb_wrapper\"><div class=\"wpb_text_column align_center\"><div class=\"wpb_wrapper\"><h1>News<\/h1>\n<\/div><\/div><\/div><\/div><\/div><\/div><\/div><\/section><section class=\"l-section wpb_row height_large\"><div class=\"l-section-h i-cf\"><div class=\"g-cols vc_row via_flex valign_top type_default stacking_default\"><div class=\"vc_col-sm-12 wpb_column vc_column_container\"><div class=\"vc_column-inner\"><div class=\"wpb_wrapper\"><div class=\"w-grid us_grid us_custom_d2199d32 type_grid layout_124 cols_2 preload_style_spinner\" id=\"us_grid_1\" style=\"--columns:2;--gap:70px;\" data-filterable=\"true\"><style>@media (max-width:600px){#us_grid_1{--columns:1!important}}.layout_124 .w-grid-item-h{}.layout_124 .usg_post_title_1{padding-bottom:20px!important;font-family:var(--font-family)!important;font-size:17px!important;font-weight:600!important}.layout_124 .usg_post_content_1{font-family:var(--font-family)!important}<\/style><div class=\"w-grid-list\">\t<article class=\"w-grid-item size_1x1 post-1808 post type-post status-publish format-standard hentry category-geen-onderdeel-van-een-categorie\" data-id=\"1808\">\r\n\t\t<div class=\"w-grid-item-h\">\r\n\t\t\t\t\t\t<div class=\"w-vwrapper usg_vwrapper_1 news-content-grid align_left valign_top\"><h3 class=\"w-post-elm post_title usg_post_title_1 align_left entry-title color_link_inherit\">Warmtekrachtkoppelingseenheden ge\u00efnstalleerd in sociale woontorens in de Cit\u00e9 Mod\u00e8le<\/h3><div class=\"w-post-elm post_content usg_post_content_1\"><p>Het Brusselse bedrijf Go4Green heeft 10 sociale woontorens in de Cit\u00e9 Mod\u00e8le uitgerust met warmtekrachtkoppelingsinstallaties (WKK), motoren die elektriciteit produceren en die de geproduceerde energie ook recupereren om het water voor de sanitaire voorzieningen en voor de verwarming van de sociale woningen te verwarmen.<\/p>\n<p>Deze installatie is tot stand gekomen dankzij een contract met de Foyer Laekenois, die verantwoordelijk is voor de 1.400 sociale woningen van de Cit\u00e9 Mod\u00e8le in Laken.<\/p>\n<p>Tien ge\u00efnstalleerde en voor 100% door Go4Green gefinancierde machines zijn reeds in bedrijf en de volgende vier zullen worden ge\u00efnstalleerd tijdens de renovatie van de torens die voor de komende drie jaar is gepland.<\/p>\n<p>Het thermische en elektrische vermogen dat door deze nieuwe installaties wordt opgewekt, komt overeen met bijna 7.770 zonnepanelen. Dankzij deze warmtekrachtkoppelingseenheden wordt een besparing van bijna 120.000 euro per jaar op verwarmings- en elektriciteitskosten verwacht, alsook een vermindering van de CO2-uitstoot met bijna 13%. Interview en beelden door \u00c9lodie Fournot voor www.bx1.be.<\/p>\n<p><a href=\"https:\/\/bx1.be\/communes\/bruxelles-ville\/des-cogenerateurs-installes-dans-14-tours-de-logements-sociaux-de-la-cite-modele\/\">Lees het artikel online<\/a><\/p>\n<\/div><\/div>\t\t<\/div>\r\n\t\t\t<\/article>\r\n\t<article class=\"w-grid-item size_1x1 post-1797 post type-post status-publish format-standard hentry category-geen-onderdeel-van-een-categorie\" data-id=\"1797\">\r\n\t\t<div class=\"w-grid-item-h\">\r\n\t\t\t\t\t\t<div class=\"w-vwrapper usg_vwrapper_1 news-content-grid align_left valign_top\"><h3 class=\"w-post-elm post_title usg_post_title_1 align_left entry-title color_link_inherit\">Salon van de Mede-eigendom 2022<\/h3><div class=\"w-post-elm post_content usg_post_content_1\"><p>Ook dit jaar zal GO4GREEN aanwezig zijn op de 4e editie van het <a href=\"https:\/\/www.salonvandemedeeigendom.be\/nl\/home\">Salon van de Mede-eigendom<\/a><\/p>\n<p>Kom ons bezoeken en ontdek de voordelen van een warmtekrachtkoppeling (WKK), de oplossing voor energie optimalisatie van uw mede-eigendom.<\/p>\n<p>De beurs vindt plaats op donderdag 17 november van 9.30 tot 19.00 uur op de Heizel &#8211; Brussels Expo &#8211; Paleis 10 &#8211; de toegang is gratis.<\/p>\n<\/div><\/div>\t\t<\/div>\r\n\t\t\t<\/article>\r\n\t<article class=\"w-grid-item size_1x1 post-1793 post type-post status-publish format-standard hentry category-geen-onderdeel-van-een-categorie\" data-id=\"1793\">\r\n\t\t<div class=\"w-grid-item-h\">\r\n\t\t\t\t\t\t<div class=\"w-vwrapper usg_vwrapper_1 news-content-grid align_left valign_top\"><h3 class=\"w-post-elm post_title usg_post_title_1 align_left entry-title color_link_inherit\">5 september 2022<\/h3><div class=\"w-post-elm post_content usg_post_content_1\"><p>GO4GREEN has been nominated for the <a href=\"https:\/\/trendsimpactawards.be\/fr\/home_fr\/\">TRENDS IMPACT AWARDS<\/a> !<\/p>\n<p>Goed nieuws. Go4Green en zijn duurzame warmtekrachtkoppelingsproject zijn door de juryleden geselecteerd uit een zeer groot aantal ontvangen aanvragen!<\/p>\n<p>MORE NEWS WILL FOLLOW SOON\u2026<\/p>\n<\/div><\/div>\t\t<\/div>\r\n\t\t\t<\/article>\r\n\t<article class=\"w-grid-item size_1x1 post-1576 post type-post status-publish format-standard hentry category-geen-onderdeel-van-een-categorie\" data-id=\"1576\">\r\n\t\t<div class=\"w-grid-item-h\">\r\n\t\t\t\t\t\t<div class=\"w-vwrapper usg_vwrapper_1 news-content-grid align_left valign_top\"><h3 class=\"w-post-elm post_title usg_post_title_1 align_left entry-title color_link_inherit\">16 januari 2019<\/h3><div class=\"w-post-elm post_content usg_post_content_1\"><p>Sint-Lambrecht Gardens opteert voor go4green om hun ketelruimte te renoveren en voegen hierbij een 50 kW\u00e9-warmtekrachtkoppeling toe om energiebesparingen te stimuleren. Hun buren, Eglantines &amp; Varens, die reeds uitgerust zijn met een warmtekrachtkoppeling, hebben hen de uitstekende resultaten sinds 2014 geprezen.<\/p>\n<\/div><\/div>\t\t<\/div>\r\n\t\t\t<\/article>\r\n\t<article class=\"w-grid-item size_1x1 post-1578 post type-post status-publish format-standard hentry category-geen-onderdeel-van-een-categorie\" data-id=\"1578\">\r\n\t\t<div class=\"w-grid-item-h\">\r\n\t\t\t\t\t\t<div class=\"w-vwrapper usg_vwrapper_1 news-content-grid align_left valign_top\"><h3 class=\"w-post-elm post_title usg_post_title_1 align_left entry-title color_link_inherit\">26 november 2018<\/h3><div class=\"w-post-elm post_content usg_post_content_1\"><p>4 mede-eigendommen stemmen voor warmtekrachtkoppelingen beheerd door go4green: El Sol, Deschanel, Parc Beaulieu en SBS-Lofts.<\/p>\n<p>go4green produceert nu bijna 2 MW elektriciteit in Brussel en wordt daarmee een belangrijke speler in de energieproductie in het Brussels Gewest.<\/p>\n<\/div><\/div>\t\t<\/div>\r\n\t\t\t<\/article>\r\n\t<article class=\"w-grid-item size_1x1 post-1580 post type-post status-publish format-standard hentry category-geen-onderdeel-van-een-categorie\" data-id=\"1580\">\r\n\t\t<div class=\"w-grid-item-h\">\r\n\t\t\t\t\t\t<div class=\"w-vwrapper usg_vwrapper_1 news-content-grid align_left valign_top\"><h3 class=\"w-post-elm post_title usg_post_title_1 align_left entry-title color_link_inherit\">19 september 2018<\/h3><div class=\"w-post-elm post_content usg_post_content_1\"><p>TREVI kondigt een partnership aan met go4green voor een &#8220;groene wandeling&#8221; om de kosten van energie te verlagen in de mede-eigendommen die het beheert.<br \/>\nMeer informatie op <a href=\"https:\/\/ssl.microsofttranslator.com\/bv.aspx?ref=TVert&amp;from=&amp;to=nl&amp;a=www.trevi.be\">www.trevi.be<\/a><\/p>\n<\/div><\/div>\t\t<\/div>\r\n\t\t\t<\/article>\r\n\t<article class=\"w-grid-item size_1x1 post-1582 post type-post status-publish format-standard hentry category-geen-onderdeel-van-een-categorie\" data-id=\"1582\">\r\n\t\t<div class=\"w-grid-item-h\">\r\n\t\t\t\t\t\t<div class=\"w-vwrapper usg_vwrapper_1 news-content-grid align_left valign_top\"><h3 class=\"w-post-elm post_title usg_post_title_1 align_left entry-title color_link_inherit\">1 juni 2018<\/h3><div class=\"w-post-elm post_content usg_post_content_1\"><p>De r\u00e9sidentie \u201cRue March\u00e9 aux Porcs\u201d heeft een warmtekrachtkoppeling van 50 kW\u00e9 laten installeren volledig betaald door go4green om de renovatie van de ketelruimte te financieren en het jaarlijkse energiebudget met 8% te verlagen. Zonder een enkele euro te betalen, zal het mede-eigendom zijn CO2-vervuiling met 24% verminderen.<\/p>\n<\/div><\/div>\t\t<\/div>\r\n\t\t\t<\/article>\r\n\t<article class=\"w-grid-item size_1x1 post-1584 post type-post status-publish format-standard hentry category-geen-onderdeel-van-een-categorie\" data-id=\"1584\">\r\n\t\t<div class=\"w-grid-item-h\">\r\n\t\t\t\t\t\t<div class=\"w-vwrapper usg_vwrapper_1 news-content-grid align_left valign_top\"><h3 class=\"w-post-elm post_title usg_post_title_1 align_left entry-title color_link_inherit\">23 mei 2018<\/h3><div class=\"w-post-elm post_content usg_post_content_1\"><p>2 nieuwe mede-eigendommen kiezen voor warmtekrachtkoppelingen gefinancierd door go4green: ACP Eden X in Jette (50 appartementen) en Koningin Elisabeth in Ukkel (52 appartementen)<\/p>\n<\/div><\/div>\t\t<\/div>\r\n\t\t\t<\/article>\r\n\t<article class=\"w-grid-item size_1x1 post-1586 post type-post status-publish format-standard hentry category-geen-onderdeel-van-een-categorie\" data-id=\"1586\">\r\n\t\t<div class=\"w-grid-item-h\">\r\n\t\t\t\t\t\t<div class=\"w-vwrapper usg_vwrapper_1 news-content-grid align_left valign_top\"><h3 class=\"w-post-elm post_title usg_post_title_1 align_left entry-title color_link_inherit\">31 maart 2018<\/h3><div class=\"w-post-elm post_content usg_post_content_1\"><p>De VME Queen&#8217;s Park (200 appartementen, Oudergem) heeft unaniem de toevoeging van 5 15 kW e co-generatoren goedgekeurd, elk in de verschillende ketelruimtes op de site, volledig betaald door go4green.<\/p>\n<p>Verwacht wordt dat VME bijna 240.000 euro verdient tijdens het 10-jarige project.<\/p>\n<\/div><\/div>\t\t<\/div>\r\n\t\t\t<\/article>\r\n\t<article class=\"w-grid-item size_1x1 post-1588 post type-post status-publish format-standard hentry category-geen-onderdeel-van-een-categorie\" data-id=\"1588\">\r\n\t\t<div class=\"w-grid-item-h\">\r\n\t\t\t\t\t\t<div class=\"w-vwrapper usg_vwrapper_1 news-content-grid align_left valign_top\"><h3 class=\"w-post-elm post_title usg_post_title_1 align_left entry-title color_link_inherit\">1 maart 2018<\/h3><div class=\"w-post-elm post_content usg_post_content_1\"><p>Meer dan 50 gebouwen hebben geopteerd voor een warmtekrachtkoppeling die volledig is gefinancierd en beheerd door go4green! Dit vertegenwoordigt bijna 8.000.000 euro aan investeringen en een elektriciteitscapaciteit van 1,7 MW.<\/p>\n<\/div><\/div>\t\t<\/div>\r\n\t\t\t<\/article>\r\n\t<article class=\"w-grid-item size_1x1 post-1590 post type-post status-publish format-standard hentry category-geen-onderdeel-van-een-categorie\" data-id=\"1590\">\r\n\t\t<div class=\"w-grid-item-h\">\r\n\t\t\t\t\t\t<div class=\"w-vwrapper usg_vwrapper_1 news-content-grid align_left valign_top\"><h3 class=\"w-post-elm post_title usg_post_title_1 align_left entry-title color_link_inherit\">1 maart 2018<\/h3><div class=\"w-post-elm post_content usg_post_content_1\"><p>8 extra gebouwen hebben een warmtekrachtkoppeling geinstalleerd die volledig betaald is door go4green. Als gevolg hiervan zullen 2 van hen in staat zijn om het merendeel van de renovatie van hun ketelruimte te financieren en zullen zij genieten van aanzienlijke energiewinsten.<\/p>\n<\/div><\/div>\t\t<\/div>\r\n\t\t\t<\/article>\r\n\t<article class=\"w-grid-item size_1x1 post-1592 post type-post status-publish format-standard hentry category-geen-onderdeel-van-een-categorie\" data-id=\"1592\">\r\n\t\t<div class=\"w-grid-item-h\">\r\n\t\t\t\t\t\t<div class=\"w-vwrapper usg_vwrapper_1 news-content-grid align_left valign_top\"><h3 class=\"w-post-elm post_title usg_post_title_1 align_left entry-title color_link_inherit\">1 december 2017<\/h3><div class=\"w-post-elm post_content usg_post_content_1\"><p>3 mede-eigendommen belasten go4green met de toevoeging van een warmtekrachtkoppeling: H\u00e9ris (Brussel), Or\u00e9e-Chambord (Vorst) en Saint-Tropez (Etterbeek). De installaties zullen worden voltooid tijdens het eerste kwartaal van 2018.<\/p>\n<\/div><\/div>\t\t<\/div>\r\n\t\t\t<\/article>\r\n\t<article class=\"w-grid-item size_1x1 post-1594 post type-post status-publish format-standard hentry category-geen-onderdeel-van-een-categorie\" data-id=\"1594\">\r\n\t\t<div class=\"w-grid-item-h\">\r\n\t\t\t\t\t\t<div class=\"w-vwrapper usg_vwrapper_1 news-content-grid align_left valign_top\"><h3 class=\"w-post-elm post_title usg_post_title_1 align_left entry-title color_link_inherit\">23 oktober 2017<\/h3><div class=\"w-post-elm post_content usg_post_content_1\"><p>go4green heeft 34 derde partij investeringen WKK projecten in \u00e9\u00e9n jaar getekend en blijft veruit de leidende speler in energie-effici\u00ebntie in de openbare woningmarkt!<\/p>\n<\/div><\/div>\t\t<\/div>\r\n\t\t\t<\/article>\r\n\t<article class=\"w-grid-item size_1x1 post-1596 post type-post status-publish format-standard hentry category-geen-onderdeel-van-een-categorie\" data-id=\"1596\">\r\n\t\t<div class=\"w-grid-item-h\">\r\n\t\t\t\t\t\t<div class=\"w-vwrapper usg_vwrapper_1 news-content-grid align_left valign_top\"><h3 class=\"w-post-elm post_title usg_post_title_1 align_left entry-title color_link_inherit\">27 september 2017<\/h3><div class=\"w-post-elm post_content usg_post_content_1\"><p>Eind 2017 installeert go4green 12 WKK-units, allen in derde partij investeringen!<\/p>\n<\/div><\/div>\t\t<\/div>\r\n\t\t\t<\/article>\r\n\t<article class=\"w-grid-item size_1x1 post-1598 post type-post status-publish format-standard hentry category-geen-onderdeel-van-een-categorie\" data-id=\"1598\">\r\n\t\t<div class=\"w-grid-item-h\">\r\n\t\t\t\t\t\t<div class=\"w-vwrapper usg_vwrapper_1 news-content-grid align_left valign_top\"><h3 class=\"w-post-elm post_title usg_post_title_1 align_left entry-title color_link_inherit\">30 augustus 2017<\/h3><div class=\"w-post-elm post_content usg_post_content_1\"><p>RTL-TVi presenteert de voordelen van een warmtekrachtkoppeling (WKK) voor de bewoners en de eigenaren van een appartement in een mede-eigendom die wordt gefinancierd door go4green!<br \/>\nBekijk de video <a href=\"https:\/\/www.youtube.com\/watch?v=i2HFYWku78s&amp;feature=youtu.be\">hier<\/a><\/p>\n<\/div><\/div>\t\t<\/div>\r\n\t\t\t<\/article>\r\n\t<article class=\"w-grid-item size_1x1 post-1600 post type-post status-publish format-standard hentry category-geen-onderdeel-van-een-categorie\" data-id=\"1600\">\r\n\t\t<div class=\"w-grid-item-h\">\r\n\t\t\t\t\t\t<div class=\"w-vwrapper usg_vwrapper_1 news-content-grid align_left valign_top\"><h3 class=\"w-post-elm post_title usg_post_title_1 align_left entry-title color_link_inherit\">8 juni 2017<\/h3><div class=\"w-post-elm post_content usg_post_content_1\"><p>go4green mag 7 nieuwe WKK units installeren bij een residenti\u00eble klant, die naar verwachting meer dan 600.000 euro aan financi\u00eble besparingen zal behalen en een vermindering van de CO2-vervuiling van 3.000 ton over 10 jaar.<\/p>\n<\/div><\/div>\t\t<\/div>\r\n\t\t\t<\/article>\r\n\t<article class=\"w-grid-item size_1x1 post-1603 post type-post status-publish format-standard hentry category-geen-onderdeel-van-een-categorie\" data-id=\"1603\">\r\n\t\t<div class=\"w-grid-item-h\">\r\n\t\t\t\t\t\t<div class=\"w-vwrapper usg_vwrapper_1 news-content-grid align_left valign_top\"><h3 class=\"w-post-elm post_title usg_post_title_1 align_left entry-title color_link_inherit\">19 juni 2017<\/h3><div class=\"w-post-elm post_content usg_post_content_1\"><p>Home Invest vertrouwt go4green de installatie en de financiering (als derde partij investeerder) van 2 warmtekrachtkoppelingen te installeren in nieuwe woningen in Sint-Lambrechts-Woluwe. Een zeer winstgevend partnership voor de\u00a0toekomstige bewoners!<\/p>\n<\/div><\/div>\t\t<\/div>\r\n\t\t\t<\/article>\r\n\t<article class=\"w-grid-item size_1x1 post-1605 post type-post status-publish format-standard hentry category-geen-onderdeel-van-een-categorie\" data-id=\"1605\">\r\n\t\t<div class=\"w-grid-item-h\">\r\n\t\t\t\t\t\t<div class=\"w-vwrapper usg_vwrapper_1 news-content-grid align_left valign_top\"><h3 class=\"w-post-elm post_title usg_post_title_1 align_left entry-title color_link_inherit\">8 mei 2017<\/h3><div class=\"w-post-elm post_content usg_post_content_1\"><p>go4green groeit! Om met deze ontwikkeling om te gaan sluit go4green zich aan bij de infrastructuur van Greenbizz.brussels die zich toelegt op duurzame economie, hetgeen go4green ook omvat (hernieuwbare en effici\u00ebnte energie).<\/p>\n<\/div><\/div>\t\t<\/div>\r\n\t\t\t<\/article>\r\n\t<article class=\"w-grid-item size_1x1 post-1607 post type-post status-publish format-standard hentry category-geen-onderdeel-van-een-categorie\" data-id=\"1607\">\r\n\t\t<div class=\"w-grid-item-h\">\r\n\t\t\t\t\t\t<div class=\"w-vwrapper usg_vwrapper_1 news-content-grid align_left valign_top\"><h3 class=\"w-post-elm post_title usg_post_title_1 align_left entry-title color_link_inherit\">7 maart 2017<\/h3><div class=\"w-post-elm post_content usg_post_content_1\"><p>Go4green zoekt een Project Manager<\/p>\n<p>Vacature succesvol afgesloten!<\/p>\n<\/div><\/div>\t\t<\/div>\r\n\t\t\t<\/article>\r\n\t<article class=\"w-grid-item size_1x1 post-1609 post type-post status-publish format-standard hentry category-geen-onderdeel-van-een-categorie\" data-id=\"1609\">\r\n\t\t<div class=\"w-grid-item-h\">\r\n\t\t\t\t\t\t<div class=\"w-vwrapper usg_vwrapper_1 news-content-grid align_left valign_top\"><h3 class=\"w-post-elm post_title usg_post_title_1 align_left entry-title color_link_inherit\">30 november 2016<\/h3><div class=\"w-post-elm post_content usg_post_content_1\"><p>go4green financiert en beheert een 50 kW\u00e9 (100 kWth) warmtekrachtkoppeling bij de VME Sint-Lambrechts Gardens (Sint-Lambrechts-Woluwe, 127 appartementen). 2 jaar na hun buren, de VME Eglantines en Foug\u00e8res, en dankzij de uitstekende resultaten die deze laatste hebben behaald, opteert de VME Sint-Lambrechts-Gardens voor deze zeer effici\u00ebnte oplossing om de energie-uitgaven en de CO2-vervuiling te verminderen. De installatie is gepland voor de zomer van 2017.<\/p>\n<\/div><\/div>\t\t<\/div>\r\n\t\t\t<\/article>\r\n<\/div>\t<div class=\"w-grid-preloader\">\r\n\t\t<div class=\"g-preloader type_1\">\r\n\t\t\t<div><\/div>\r\n\t\t<\/div>\r\n\t<\/div>\r\n\t\t<div class=\"w-grid-json hidden\" onclick='return {&quot;action&quot;:&quot;us_ajax_grid&quot;,&quot;infinite_scroll&quot;:0,&quot;max_num_pages&quot;:1,&quot;pagination&quot;:&quot;none&quot;,&quot;template_vars&quot;:{&quot;columns&quot;:&quot;2&quot;,&quot;exclude_items&quot;:&quot;none&quot;,&quot;img_size&quot;:&quot;default&quot;,&quot;ignore_items_size&quot;:0,&quot;items_layout&quot;:&quot;124&quot;,&quot;items_offset&quot;:&quot;1&quot;,&quot;load_animation&quot;:&quot;none&quot;,&quot;overriding_link&quot;:&quot;{\\&quot;url\\&quot;:\\&quot;\\&quot;}&quot;,&quot;post_id&quot;:0,&quot;query_args&quot;:{&quot;post_type&quot;:[&quot;post&quot;],&quot;post_status&quot;:[&quot;publish&quot;],&quot;posts_per_page&quot;:999},&quot;orderby_query_args&quot;:{&quot;orderby&quot;:{&quot;date&quot;:&quot;DESC&quot;}},&quot;type&quot;:&quot;grid&quot;,&quot;us_grid_post_type&quot;:&quot;post&quot;,&quot;us_grid_ajax_index&quot;:1,&quot;us_grid_filter_query_string&quot;:null,&quot;us_grid_index&quot;:1,&quot;page_args&quot;:[],&quot;lang&quot;:&quot;nl&quot;}}'><\/div>\r\n\t<\/div><\/div><\/div><\/div><\/div><\/div><\/section>\n","protected":false},"excerpt":{"rendered":"go4green financiert en beheert een 50 kW\u00e9 (100 kWth) warmtekrachtkoppeling bij de VME Sint-Lambrechts Gardens (Sint-Lambrechts-Woluwe, 127 appartementen). 2 jaar na hun buren, de VME Eglantines en Foug\u00e8res, en dankzij de uitstekende resultaten die deze laatste hebben behaald, opteert de VME Sint-Lambrechts-Gardens voor deze zeer effici\u00ebnte oplossing om de energie-uitgaven en de CO2-vervuiling te verminderen....","protected":false},"author":1,"featured_media":0,"parent":0,"menu_order":0,"comment_status":"closed","ping_status":"closed","template":"","meta":{"footnotes":""},"class_list":["post-1575","page","type-page","status-publish","hentry"],"yoast_head":"<!-- This site is optimized with the Yoast SEO plugin v26.7 - https:\/\/yoast.com\/wordpress\/plugins\/seo\/ -->\n<title>News - go4green<\/title>\n<meta name=\"robots\" content=\"index, follow, max-snippet:-1, max-image-preview:large, max-video-preview:-1\" \/>\n<link rel=\"canonical\" href=\"https:\/\/www.go4green.be\/nl\/news\/\" \/>\n<meta property=\"og:locale\" content=\"nl_NL\" \/>\n<meta property=\"og:type\" content=\"article\" \/>\n<meta property=\"og:title\" content=\"News - go4green\" \/>\n<meta property=\"og:url\" content=\"https:\/\/www.go4green.be\/nl\/news\/\" \/>\n<meta property=\"og:site_name\" content=\"go4green\" \/>\n<meta property=\"og:image\" content=\"https:\/\/www.go4green.be\/wp-content\/uploads\/2019\/05\/fb-picture.jpg\" \/>\n\t<meta property=\"og:image:width\" content=\"600\" \/>\n\t<meta property=\"og:image:height\" content=\"315\" \/>\n\t<meta property=\"og:image:type\" content=\"image\/jpeg\" \/>\n<meta name=\"twitter:card\" content=\"summary_large_image\" \/>\n<script type=\"application\/ld+json\" class=\"yoast-schema-graph\">{\"@context\":\"https:\/\/schema.org\",\"@graph\":[{\"@type\":\"WebPage\",\"@id\":\"https:\/\/www.go4green.be\/nl\/news\/\",\"url\":\"https:\/\/www.go4green.be\/nl\/news\/\",\"name\":\"News - go4green\",\"isPartOf\":{\"@id\":\"https:\/\/www.go4green.be\/#website\"},\"datePublished\":\"2019-05-25T21:22:06+00:00\",\"breadcrumb\":{\"@id\":\"https:\/\/www.go4green.be\/nl\/news\/#breadcrumb\"},\"inLanguage\":\"nl-NL\",\"potentialAction\":[{\"@type\":\"ReadAction\",\"target\":[\"https:\/\/www.go4green.be\/nl\/news\/\"]}]},{\"@type\":\"BreadcrumbList\",\"@id\":\"https:\/\/www.go4green.be\/nl\/news\/#breadcrumb\",\"itemListElement\":[{\"@type\":\"ListItem\",\"position\":1,\"name\":\"Home\",\"item\":\"https:\/\/www.go4green.be\/nl\/\"},{\"@type\":\"ListItem\",\"position\":2,\"name\":\"News\"}]},{\"@type\":\"WebSite\",\"@id\":\"https:\/\/www.go4green.be\/#website\",\"url\":\"https:\/\/www.go4green.be\/\",\"name\":\"go4green\",\"description\":\"Building Energy Solutions\",\"potentialAction\":[{\"@type\":\"SearchAction\",\"target\":{\"@type\":\"EntryPoint\",\"urlTemplate\":\"https:\/\/www.go4green.be\/?s={search_term_string}\"},\"query-input\":{\"@type\":\"PropertyValueSpecification\",\"valueRequired\":true,\"valueName\":\"search_term_string\"}}],\"inLanguage\":\"nl-NL\"}]}<\/script>\n<!-- \/ Yoast SEO plugin. -->","yoast_head_json":{"title":"News - go4green","robots":{"index":"index","follow":"follow","max-snippet":"max-snippet:-1","max-image-preview":"max-image-preview:large","max-video-preview":"max-video-preview:-1"},"canonical":"https:\/\/www.go4green.be\/nl\/news\/","og_locale":"nl_NL","og_type":"article","og_title":"News - go4green","og_url":"https:\/\/www.go4green.be\/nl\/news\/","og_site_name":"go4green","og_image":[{"width":600,"height":315,"url":"https:\/\/www.go4green.be\/wp-content\/uploads\/2019\/05\/fb-picture.jpg","type":"image\/jpeg"}],"twitter_card":"summary_large_image","schema":{"@context":"https:\/\/schema.org","@graph":[{"@type":"WebPage","@id":"https:\/\/www.go4green.be\/nl\/news\/","url":"https:\/\/www.go4green.be\/nl\/news\/","name":"News - go4green","isPartOf":{"@id":"https:\/\/www.go4green.be\/#website"},"datePublished":"2019-05-25T21:22:06+00:00","breadcrumb":{"@id":"https:\/\/www.go4green.be\/nl\/news\/#breadcrumb"},"inLanguage":"nl-NL","potentialAction":[{"@type":"ReadAction","target":["https:\/\/www.go4green.be\/nl\/news\/"]}]},{"@type":"BreadcrumbList","@id":"https:\/\/www.go4green.be\/nl\/news\/#breadcrumb","itemListElement":[{"@type":"ListItem","position":1,"name":"Home","item":"https:\/\/www.go4green.be\/nl\/"},{"@type":"ListItem","position":2,"name":"News"}]},{"@type":"WebSite","@id":"https:\/\/www.go4green.be\/#website","url":"https:\/\/www.go4green.be\/","name":"go4green","description":"Building Energy Solutions","potentialAction":[{"@type":"SearchAction","target":{"@type":"EntryPoint","urlTemplate":"https:\/\/www.go4green.be\/?s={search_term_string}"},"query-input":{"@type":"PropertyValueSpecification","valueRequired":true,"valueName":"search_term_string"}}],"inLanguage":"nl-NL"}]}},"_links":{"self":[{"href":"https:\/\/www.go4green.be\/nl\/wp-json\/wp\/v2\/pages\/1575","targetHints":{"allow":["GET"]}}],"collection":[{"href":"https:\/\/www.go4green.be\/nl\/wp-json\/wp\/v2\/pages"}],"about":[{"href":"https:\/\/www.go4green.be\/nl\/wp-json\/wp\/v2\/types\/page"}],"author":[{"embeddable":true,"href":"https:\/\/www.go4green.be\/nl\/wp-json\/wp\/v2\/users\/1"}],"replies":[{"embeddable":true,"href":"https:\/\/www.go4green.be\/nl\/wp-json\/wp\/v2\/comments?post=1575"}],"version-history":[{"count":0,"href":"https:\/\/www.go4green.be\/nl\/wp-json\/wp\/v2\/pages\/1575\/revisions"}],"wp:attachment":[{"href":"https:\/\/www.go4green.be\/nl\/wp-json\/wp\/v2\/media?parent=1575"}],"curies":[{"name":"wp","href":"https:\/\/api.w.org\/{rel}","templated":true}]}}